{"id":7956,"date":"2023-09-16T16:29:40","date_gmt":"2023-09-16T16:29:40","guid":{"rendered":"https:\/\/requenamueller.com\/contact\/"},"modified":"2025-09-26T08:29:56","modified_gmt":"2025-09-26T08:29:56","slug":"contact","status":"publish","type":"page","link":"https:\/\/requenamueller.com\/fr\/contact\/","title":{"rendered":"Contact"},"content":{"rendered":"\t\t<div data-elementor-type=\"wp-page\" data-elementor-id=\"7956\" class=\"elementor elementor-7956 elementor-3883\" data-elementor-post-type=\"page\">\n\t\t\t\t\t\t\t<div class=\"elementor-element elementor-element-b973931 e-con-full e-flex e-con e-parent\" data-id=\"b973931\" data-element_type=\"container\" data-settings=\"{&quot;content_width&quot;:&quot;full&quot;,&quot;background_background&quot;:&quot;classic&quot;,&quot;position&quot;:&quot;absolute&quot;,&quot;container_type&quot;:&quot;flex&quot;}\" data-core-v316-plus=\"true\">\n\t\t\t\t<div class=\"elementor-element elementor-element-9b96640 elementor-widget elementor-widget-spacer\" data-id=\"9b96640\" data-element_type=\"widget\" data-settings=\"{&quot;aos_animation_name&quot;:&quot;none&quot;}\" data-widget_type=\"spacer.default\">\n\t\t\t\t<div class=\"elementor-widget-container\">\n\t\t\t<style>\/*! elementor - v3.16.0 - 09-10-2023 *\/\n.elementor-column .elementor-spacer-inner{height:var(--spacer-size)}.e-con{--container-widget-width:100%}.e-con-inner>.elementor-widget-spacer,.e-con>.elementor-widget-spacer{width:var(--container-widget-width,var(--spacer-size));--align-self:var(--container-widget-align-self,initial);--flex-shrink:0}.e-con-inner>.elementor-widget-spacer>.elementor-widget-container,.e-con>.elementor-widget-spacer>.elementor-widget-container{height:100%;width:100%}.e-con-inner>.elementor-widget-spacer>.elementor-widget-container>.elementor-spacer,.e-con>.elementor-widget-spacer>.elementor-widget-container>.elementor-spacer{height:100%}.e-con-inner>.elementor-widget-spacer>.elementor-widget-container>.elementor-spacer>.elementor-spacer-inner,.e-con>.elementor-widget-spacer>.elementor-widget-container>.elementor-spacer>.elementor-spacer-inner{height:var(--container-widget-height,var(--spacer-size))}.e-con-inner>.elementor-widget-spacer.elementor-widget-empty,.e-con>.elementor-widget-spacer.elementor-widget-empty{position:relative;min-height:22px;min-width:22px}.e-con-inner>.elementor-widget-spacer.elementor-widget-empty .elementor-widget-empty-icon,.e-con>.elementor-widget-spacer.elementor-widget-empty .elementor-widget-empty-icon{position:absolute;top:0;bottom:0;left:0;right:0;margin:auto;padding:0;width:22px;height:22px}<\/style>\t\t<div class=\"elementor-spacer\">\n\t\t\t<div class=\"elementor-spacer-inner\"><\/div>\n\t\t<\/div>\n\t\t\t\t<\/div>\n\t\t\t\t<\/div>\n\t\t\t\t<\/div>\n\t\t<div class=\"elementor-element elementor-element-cf023ce animated-slow e-flex e-con-boxed elementor-invisible e-con e-parent\" data-id=\"cf023ce\" data-element_type=\"container\" data-settings=\"{&quot;animation&quot;:&quot;fadeIn&quot;,&quot;container_type&quot;:&quot;flex&quot;,&quot;content_width&quot;:&quot;boxed&quot;}\" data-core-v316-plus=\"true\">\n\t\t\t\t\t<div class=\"e-con-inner\">\n\t\t<div class=\"elementor-element elementor-element-8291196 e-con-full e-flex e-con e-child\" data-id=\"8291196\" data-element_type=\"container\" data-settings=\"{&quot;content_width&quot;:&quot;full&quot;,&quot;container_type&quot;:&quot;flex&quot;}\">\n\t\t\t\t<div class=\"elementor-element elementor-element-2b565fc elementor-widget elementor-widget-heading\" data-id=\"2b565fc\" data-element_type=\"widget\" data-settings=\"{&quot;aos_animation_name&quot;:&quot;none&quot;}\" data-widget_type=\"heading.default\">\n\t\t\t\t<div class=\"elementor-widget-container\">\n\t\t\t<style>\/*! elementor - v3.16.0 - 09-10-2023 *\/\n.elementor-heading-title{padding:0;margin:0;line-height:1}.elementor-widget-heading .elementor-heading-title[class*=elementor-size-]>a{color:inherit;font-size:inherit;line-height:inherit}.elementor-widget-heading .elementor-heading-title.elementor-size-small{font-size:15px}.elementor-widget-heading .elementor-heading-title.elementor-size-medium{font-size:19px}.elementor-widget-heading .elementor-heading-title.elementor-size-large{font-size:29px}.elementor-widget-heading .elementor-heading-title.elementor-size-xl{font-size:39px}.elementor-widget-heading .elementor-heading-title.elementor-size-xxl{font-size:59px}<\/style><h1 class=\"elementor-heading-title elementor-size-default\">CONTACTEZ<br>-NOUS<\/h1>\t\t<\/div>\n\t\t\t\t<\/div>\n\t\t\t\t<\/div>\n\t\t<div class=\"elementor-element elementor-element-7394898 e-con-full e-flex e-con e-child\" data-id=\"7394898\" data-element_type=\"container\" data-settings=\"{&quot;content_width&quot;:&quot;full&quot;,&quot;container_type&quot;:&quot;flex&quot;}\">\n\t\t\t\t<div class=\"elementor-element elementor-element-72f1778 elementor-widget elementor-widget-text-editor\" data-id=\"72f1778\" data-element_type=\"widget\" data-settings=\"{&quot;aos_animation_name&quot;:&quot;none&quot;}\" data-widget_type=\"text-editor.default\">\n\t\t\t\t<div class=\"elementor-widget-container\">\n\t\t\t<style>\/*! elementor - v3.16.0 - 09-10-2023 *\/\n.elementor-widget-text-editor.elementor-drop-cap-view-stacked .elementor-drop-cap{background-color:#69727d;color:#fff}.elementor-widget-text-editor.elementor-drop-cap-view-framed .elementor-drop-cap{color:#69727d;border:3px solid;background-color:transparent}.elementor-widget-text-editor:not(.elementor-drop-cap-view-default) .elementor-drop-cap{margin-top:8px}.elementor-widget-text-editor:not(.elementor-drop-cap-view-default) .elementor-drop-cap-letter{width:1em;height:1em}.elementor-widget-text-editor .elementor-drop-cap{float:left;text-align:center;line-height:1;font-size:50px}.elementor-widget-text-editor .elementor-drop-cap-letter{display:inline-block}<\/style>\t\t\t\t<p>N\u00b4h\u00e9sitez pas \u00e0 nous raconter ce que vous avez en t\u00eate et nous trouverons une solution.<\/p>\t\t\t\t\t\t<\/div>\n\t\t\t\t<\/div>\n\t\t\t\t<\/div>\n\t\t\t\t\t<\/div>\n\t\t\t\t<\/div>\n\t\t<div class=\"elementor-element elementor-element-a3ae034 e-flex e-con-boxed e-con e-parent\" data-id=\"a3ae034\" data-element_type=\"container\" data-settings=\"{&quot;background_background&quot;:&quot;classic&quot;,&quot;container_type&quot;:&quot;flex&quot;,&quot;content_width&quot;:&quot;boxed&quot;}\" data-core-v316-plus=\"true\">\n\t\t\t\t\t<div class=\"e-con-inner\">\n\t\t\t\t<div class=\"elementor-element elementor-element-d97cd7c animated-slow elementor-invisible elementor-widget elementor-widget-vlt-contact-form-7\" data-id=\"d97cd7c\" data-element_type=\"widget\" data-settings=\"{&quot;_animation&quot;:&quot;fadeIn&quot;,&quot;aos_animation_name&quot;:&quot;none&quot;}\" data-widget_type=\"vlt-contact-form-7.default\">\n\t\t\t\t<div class=\"elementor-widget-container\">\n\t\t\t\n\t\t<div class=\"vlt-contact-form-7\">\n\n\t\t\t\n<div class=\"wpcf7 no-js\" id=\"wpcf7-f9757-o1\" lang=\"es-ES\" dir=\"ltr\">\n<div class=\"screen-reader-response\"><p role=\"status\" aria-live=\"polite\" aria-atomic=\"true\"><\/p> <ul><\/ul><\/div>\n<form action=\"\/fr\/wp-json\/wp\/v2\/pages\/7956#wpcf7-f9757-o1\" method=\"post\" class=\"wpcf7-form init\" aria-label=\"Contact form\" novalidate=\"novalidate\" data-status=\"init\">\n<div style=\"display: none;\">\n<input type=\"hidden\" name=\"_wpcf7\" value=\"9757\" \/>\n<input type=\"hidden\" name=\"_wpcf7_version\" value=\"5.8\" \/>\n<input type=\"hidden\" name=\"_wpcf7_locale\" value=\"es_ES\" \/>\n<input type=\"hidden\" name=\"_wpcf7_unit_tag\" value=\"wpcf7-f9757-o1\" \/>\n<input type=\"hidden\" name=\"_wpcf7_container_post\" value=\"0\" \/>\n<input type=\"hidden\" name=\"_wpcf7_posted_data_hash\" value=\"\" \/>\n<\/div>\n<div data-aos=\"custom\">\n    <div class=\"vlt-form-group mb-0\">\n    <span class=\"wpcf7-form-control-wrap\" data-name=\"projects\"><span class=\"wpcf7-form-control wpcf7-checkbox black\"><span class=\"wpcf7-list-item first\"><label><input type=\"checkbox\" name=\"projects[]\" value=\"Relations publiques\" checked=\"checked\" \/><span class=\"wpcf7-list-item-label\">Relations publiques<\/span><\/label><\/span><span class=\"wpcf7-list-item\"><label><input type=\"checkbox\" name=\"projects[]\" value=\"Service de presse\" \/><span class=\"wpcf7-list-item-label\">Service de presse<\/span><\/label><\/span><span class=\"wpcf7-list-item\"><label><input type=\"checkbox\" name=\"projects[]\" value=\"Cr\u00e9ation de contenu\" checked=\"checked\" \/><span class=\"wpcf7-list-item-label\">Cr\u00e9ation de contenu<\/span><\/label><\/span><span class=\"wpcf7-list-item\"><label><input type=\"checkbox\" name=\"projects[]\" value=\"M\u00e9dias sociaux\" \/><span class=\"wpcf7-list-item-label\">M\u00e9dias sociaux<\/span><\/label><\/span><span class=\"wpcf7-list-item\"><label><input type=\"checkbox\" name=\"projects[]\" value=\"Strat\u00e9gie\" \/><span class=\"wpcf7-list-item-label\">Strat\u00e9gie<\/span><\/label><\/span><span class=\"wpcf7-list-item\"><label><input type=\"checkbox\" name=\"projects[]\" value=\"Conseil\" checked=\"checked\" \/><span class=\"wpcf7-list-item-label\">Conseil<\/span><\/label><\/span><span class=\"wpcf7-list-item\"><label><input type=\"checkbox\" name=\"projects[]\" value=\"Branding\" \/><span class=\"wpcf7-list-item-label\">Branding<\/span><\/label><\/span><span class=\"wpcf7-list-item\"><label><input type=\"checkbox\" name=\"projects[]\" value=\"Design graphique\" \/><span class=\"wpcf7-list-item-label\">Design graphique<\/span><\/label><\/span><span class=\"wpcf7-list-item last\"><label><input type=\"checkbox\" name=\"projects[]\" value=\"\u00c9tudes et sondages\" \/><span class=\"wpcf7-list-item-label\">\u00c9tudes et sondages<\/span><\/label><\/span><\/span><\/span>\n    <\/div>\n    <div class=\"vlt-form-group vlt-form-group--lg mt-60\"><span class=\"wpcf7-form-control-wrap\" data-name=\"your-name\"><input size=\"40\" class=\"wpcf7-form-control wpcf7-text wpcf7-validates-as-required style-3 black\" aria-required=\"true\" aria-invalid=\"false\" placeholder=\"Nom *\" value=\"\" type=\"text\" name=\"your-name\" \/><\/span><\/div>\n    <div class=\"vlt-form-row two-col\">\n        <div class=\"vlt-form-group vlt-form-group--lg\"><span class=\"wpcf7-form-control-wrap\" data-name=\"your-email\"><input size=\"40\" class=\"wpcf7-form-control wpcf7-email wpcf7-validates-as-required wpcf7-text wpcf7-validates-as-email style-3 black\" aria-required=\"true\" aria-invalid=\"false\" placeholder=\"E-mail *\" value=\"\" type=\"email\" name=\"your-email\" \/><\/span><\/div>\n        <div class=\"vlt-form-group vlt-form-group--lg\"><span class=\"wpcf7-form-control-wrap\" data-name=\"your-tel\"><input size=\"40\" class=\"wpcf7-form-control wpcf7-tel wpcf7-validates-as-required wpcf7-text wpcf7-validates-as-tel style-3 black\" aria-required=\"true\" aria-invalid=\"false\" placeholder=\"T\u00e9l\u00e9phone *\" value=\"\" type=\"tel\" name=\"your-tel\" \/><\/span><\/div>\n    <\/div>\n    <div class=\"vlt-form-group vlt-form-group--lg\"><span class=\"wpcf7-form-control-wrap\" data-name=\"company\"><input size=\"40\" class=\"wpcf7-form-control wpcf7-text wpcf7-validates-as-required style-3 black\" aria-required=\"true\" aria-invalid=\"false\" placeholder=\"Entreprise *\" value=\"\" type=\"text\" name=\"company\" \/><\/span><\/div>\n    <div class=\"vlt-form-group vlt-form-group--lg\"><span class=\"wpcf7-form-control-wrap\" data-name=\"title\"><input size=\"40\" class=\"wpcf7-form-control wpcf7-text wpcf7-validates-as-required style-3 black\" aria-required=\"true\" aria-invalid=\"false\" placeholder=\"Poste *\" value=\"\" type=\"text\" name=\"title\" \/><\/span><\/div>\n    <div class=\"vlt-form-group vlt-form-group--lg mb-0\"><span class=\"wpcf7-form-control-wrap\" data-name=\"message\"><textarea cols=\"40\" rows=\"1\" class=\"wpcf7-form-control wpcf7-textarea wpcf7-validates-as-required style-3 black\" aria-required=\"true\" aria-invalid=\"false\" placeholder=\"Sujet *\" name=\"message\"><\/textarea><\/span><\/div>\n    <div class=\"vlt-form-group mb-0 mt-60\">\n        <button class=\"vlt-btn vlt-btn--sm vlt-btn--primary vlt-btn--icon- vlt-btn--ball vlt-btn--rounded\">Envoyer<\/button>\n    <\/div>\n<\/div><div class=\"wpcf7-response-output\" aria-hidden=\"true\"><\/div>\n<\/form>\n<\/div>\n\n\t\t<\/div>\n\n\t\t\t\t<\/div>\n\t\t\t\t<\/div>\n\t\t\t\t\t<\/div>\n\t\t\t\t<\/div>\n\t\t<div class=\"elementor-element elementor-element-0eadc83 animated-slow e-flex e-con-boxed elementor-invisible e-con e-parent\" data-id=\"0eadc83\" data-element_type=\"container\" data-settings=\"{&quot;background_background&quot;:&quot;classic&quot;,&quot;animation&quot;:&quot;fadeIn&quot;,&quot;container_type&quot;:&quot;flex&quot;,&quot;content_width&quot;:&quot;boxed&quot;}\" data-core-v316-plus=\"true\">\n\t\t\t\t\t<div class=\"e-con-inner\">\n\t\t\t\t\t<\/div>\n\t\t\t\t<\/div>\n\t\t<div class=\"elementor-element elementor-element-42f66aa animated-slow e-flex e-con-boxed elementor-invisible e-con e-parent\" data-id=\"42f66aa\" data-element_type=\"container\" data-settings=\"{&quot;animation&quot;:&quot;fadeIn&quot;,&quot;container_type&quot;:&quot;flex&quot;,&quot;content_width&quot;:&quot;boxed&quot;}\" data-core-v316-plus=\"true\">\n\t\t\t\t\t<div class=\"e-con-inner\">\n\t\t<div class=\"elementor-element elementor-element-c4863f2 e-con-full e-flex e-con e-child\" data-id=\"c4863f2\" data-element_type=\"container\" data-settings=\"{&quot;content_width&quot;:&quot;full&quot;,&quot;container_type&quot;:&quot;flex&quot;}\">\n\t\t\t\t<div class=\"elementor-element elementor-element-8478579 elementor-view-default elementor-widget elementor-widget-icon\" data-id=\"8478579\" data-element_type=\"widget\" data-settings=\"{&quot;aos_animation_name&quot;:&quot;none&quot;}\" data-widget_type=\"icon.default\">\n\t\t\t\t<div class=\"elementor-widget-container\">\n\t\t\t\t\t<div class=\"elementor-icon-wrapper\">\n\t\t\t<div class=\"elementor-icon\">\n\t\t\t<i aria-hidden=\"true\" class=\"fas fa-circle\"><\/i>\t\t\t<\/div>\n\t\t<\/div>\n\t\t\t\t<\/div>\n\t\t\t\t<\/div>\n\t\t\t\t<div class=\"elementor-element elementor-element-7196d06 elementor-widget elementor-widget-text-editor\" data-id=\"7196d06\" data-element_type=\"widget\" data-settings=\"{&quot;aos_animation_name&quot;:&quot;none&quot;}\" data-widget_type=\"text-editor.default\">\n\t\t\t\t<div class=\"elementor-widget-container\">\n\t\t\t\t\t\t\t<p><span style=\"white-space: pre-wrap;\">+34 637 301 330<\/span><\/p>\n\t\t\t\t\t\t<\/div>\n\t\t\t\t<\/div>\n\t\t\t\t<\/div>\n\t\t<div class=\"elementor-element elementor-element-5c17aed e-con-full e-flex e-con e-child\" data-id=\"5c17aed\" data-element_type=\"container\" data-settings=\"{&quot;content_width&quot;:&quot;full&quot;,&quot;container_type&quot;:&quot;flex&quot;}\">\n\t\t\t\t<div class=\"elementor-element elementor-element-71676d3 elementor-view-default elementor-widget elementor-widget-icon\" data-id=\"71676d3\" data-element_type=\"widget\" data-settings=\"{&quot;aos_animation_name&quot;:&quot;none&quot;}\" data-widget_type=\"icon.default\">\n\t\t\t\t<div class=\"elementor-widget-container\">\n\t\t\t\t\t<div class=\"elementor-icon-wrapper\">\n\t\t\t<div class=\"elementor-icon\">\n\t\t\t<i aria-hidden=\"true\" class=\"fas fa-circle\"><\/i>\t\t\t<\/div>\n\t\t<\/div>\n\t\t\t\t<\/div>\n\t\t\t\t<\/div>\n\t\t\t\t<div class=\"elementor-element elementor-element-e9e26d8 elementor-widget elementor-widget-text-editor\" data-id=\"e9e26d8\" data-element_type=\"widget\" data-settings=\"{&quot;aos_animation_name&quot;:&quot;none&quot;}\" data-widget_type=\"text-editor.default\">\n\t\t\t\t<div class=\"elementor-widget-container\">\n\t\t\t\t\t\t\t<p><span style=\"white-space: pre-wrap;\">Madrid. Espagne.<\/span><\/p>\n\t\t\t\t\t\t<\/div>\n\t\t\t\t<\/div>\n\t\t\t\t<\/div>\n\t\t\t\t\t<\/div>\n\t\t\t\t<\/div>\n\t\t<div class=\"elementor-element elementor-element-3df8404 e-con-full e-flex e-con e-parent\" data-id=\"3df8404\" data-element_type=\"container\" data-settings=\"{&quot;content_width&quot;:&quot;full&quot;,&quot;container_type&quot;:&quot;flex&quot;}\" data-core-v316-plus=\"true\">\n\t\t\t\t<div class=\"elementor-element elementor-element-0f79126 elementor-widget elementor-widget-spacer\" data-id=\"0f79126\" data-element_type=\"widget\" data-settings=\"{&quot;aos_animation_name&quot;:&quot;none&quot;}\" data-widget_type=\"spacer.default\">\n\t\t\t\t<div class=\"elementor-widget-container\">\n\t\t\t\t\t<div class=\"elementor-spacer\">\n\t\t\t<div class=\"elementor-spacer-inner\"><\/div>\n\t\t<\/div>\n\t\t\t\t<\/div>\n\t\t\t\t<\/div>\n\t\t\t\t<\/div>\n\t\t\t\t\t\t\t<\/div>\n\t\t","protected":false},"excerpt":{"rendered":"<p>CONTACTEZ-NOUS N\u00b4h\u00e9sitez pas \u00e0 nous raconter ce que vous avez en t\u00eate et nous trouverons une solution. Relations publiquesService de presseCr\u00e9ation de contenuM\u00e9dias sociauxStrat\u00e9gieConseilBrandingDesign graphique\u00c9tudes et sondages Envoyer +34 637 301 330 Madrid. Espagne.<\/p>\n","protected":false},"author":1,"featured_media":0,"parent":0,"menu_order":0,"comment_status":"closed","ping_status":"closed","template":"template-custom-page.php","meta":{"footnotes":"","_vp_format_video_url":"","_vp_image_focal_point":[]},"acf":[],"yoast_head":"<!-- This site is optimized with the Yoast SEO Premium plugin v21.3 (Yoast SEO v21.3) - https:\/\/yoast.com\/wordpress\/plugins\/seo\/ -->\n<title>Contact - Requena &amp; Mueller Comunicaci\u00f3n<\/title>\n<meta name=\"robots\" content=\"index, follow, max-snippet:-1, max-image-preview:large, max-video-preview:-1\" \/>\n<link rel=\"canonical\" href=\"https:\/\/requenamueller.com\/fr\/contact\/\" \/>\n<meta property=\"og:locale\" content=\"fr_FR\" \/>\n<meta property=\"og:type\" content=\"article\" \/>\n<meta property=\"og:title\" content=\"Contact\" \/>\n<meta property=\"og:description\" content=\"CONTACTEZ-NOUS N\u00b4h\u00e9sitez pas \u00e0 nous raconter ce que vous avez en t\u00eate et nous trouverons une solution. Relations publiquesService de presseCr\u00e9ation de contenuM\u00e9dias sociauxStrat\u00e9gieConseilBrandingDesign graphique\u00c9tudes et sondages Envoyer +34 637 301 330 Madrid. Espagne.\" \/>\n<meta property=\"og:url\" content=\"https:\/\/requenamueller.com\/fr\/contact\/\" \/>\n<meta property=\"og:site_name\" content=\"Requena &amp; Mueller Comunicaci\u00f3n\" \/>\n<meta property=\"article:modified_time\" content=\"2025-09-26T08:29:56+00:00\" \/>\n<meta name=\"twitter:card\" content=\"summary_large_image\" \/>\n<meta name=\"twitter:label1\" content=\"Est. reading time\" \/>\n\t<meta name=\"twitter:data1\" content=\"1 minute\" \/>\n<script type=\"application\/ld+json\" class=\"yoast-schema-graph\">{\"@context\":\"https:\/\/schema.org\",\"@graph\":[{\"@type\":\"WebPage\",\"@id\":\"https:\/\/requenamueller.com\/fr\/contact\/\",\"url\":\"https:\/\/requenamueller.com\/fr\/contact\/\",\"name\":\"Contact - Requena &amp; Mueller Comunicaci\u00f3n\",\"isPartOf\":{\"@id\":\"https:\/\/requenamueller.com\/fr\/#website\"},\"datePublished\":\"2023-09-16T16:29:40+00:00\",\"dateModified\":\"2025-09-26T08:29:56+00:00\",\"breadcrumb\":{\"@id\":\"https:\/\/requenamueller.com\/fr\/contact\/#breadcrumb\"},\"inLanguage\":\"fr-FR\",\"potentialAction\":[{\"@type\":\"ReadAction\",\"target\":[\"https:\/\/requenamueller.com\/fr\/contact\/\"]}]},{\"@type\":\"BreadcrumbList\",\"@id\":\"https:\/\/requenamueller.com\/fr\/contact\/#breadcrumb\",\"itemListElement\":[{\"@type\":\"ListItem\",\"position\":1,\"name\":\"Portada\",\"item\":\"https:\/\/requenamueller.com\/fr\/\"},{\"@type\":\"ListItem\",\"position\":2,\"name\":\"Contact\"}]},{\"@type\":\"WebSite\",\"@id\":\"https:\/\/requenamueller.com\/fr\/#website\",\"url\":\"https:\/\/requenamueller.com\/fr\/\",\"name\":\"Requena &amp; Mueller Comunicaci\u00f3n\",\"description\":\"\",\"publisher\":{\"@id\":\"https:\/\/requenamueller.com\/fr\/#organization\"},\"potentialAction\":[{\"@type\":\"SearchAction\",\"target\":{\"@type\":\"EntryPoint\",\"urlTemplate\":\"https:\/\/requenamueller.com\/fr\/?s={search_term_string}\"},\"query-input\":\"required name=search_term_string\"}],\"inLanguage\":\"fr-FR\"},{\"@type\":\"Organization\",\"@id\":\"https:\/\/requenamueller.com\/fr\/#organization\",\"name\":\"Requena &amp; Mueller Comunicaci\u00f3n\",\"url\":\"https:\/\/requenamueller.com\/fr\/\",\"logo\":{\"@type\":\"ImageObject\",\"inLanguage\":\"fr-FR\",\"@id\":\"https:\/\/requenamueller.com\/fr\/#\/schema\/logo\/image\/\",\"url\":\"https:\/\/requenamueller.com\/wp-content\/uploads\/2023\/06\/RM-Brand.png\",\"contentUrl\":\"https:\/\/requenamueller.com\/wp-content\/uploads\/2023\/06\/RM-Brand.png\",\"width\":12312,\"height\":946,\"caption\":\"Requena &amp; Mueller Comunicaci\u00f3n\"},\"image\":{\"@id\":\"https:\/\/requenamueller.com\/fr\/#\/schema\/logo\/image\/\"}}]}<\/script>\n<!-- \/ Yoast SEO Premium plugin. -->","yoast_head_json":{"title":"Contact - Requena &amp; Mueller Comunicaci\u00f3n","robots":{"index":"index","follow":"follow","max-snippet":"max-snippet:-1","max-image-preview":"max-image-preview:large","max-video-preview":"max-video-preview:-1"},"canonical":"https:\/\/requenamueller.com\/fr\/contact\/","og_locale":"fr_FR","og_type":"article","og_title":"Contact","og_description":"CONTACTEZ-NOUS N\u00b4h\u00e9sitez pas \u00e0 nous raconter ce que vous avez en t\u00eate et nous trouverons une solution. Relations publiquesService de presseCr\u00e9ation de contenuM\u00e9dias sociauxStrat\u00e9gieConseilBrandingDesign graphique\u00c9tudes et sondages Envoyer +34 637 301 330 Madrid. Espagne.","og_url":"https:\/\/requenamueller.com\/fr\/contact\/","og_site_name":"Requena &amp; Mueller Comunicaci\u00f3n","article_modified_time":"2025-09-26T08:29:56+00:00","twitter_card":"summary_large_image","twitter_misc":{"Est. reading time":"1 minute"},"schema":{"@context":"https:\/\/schema.org","@graph":[{"@type":"WebPage","@id":"https:\/\/requenamueller.com\/fr\/contact\/","url":"https:\/\/requenamueller.com\/fr\/contact\/","name":"Contact - Requena &amp; Mueller Comunicaci\u00f3n","isPartOf":{"@id":"https:\/\/requenamueller.com\/fr\/#website"},"datePublished":"2023-09-16T16:29:40+00:00","dateModified":"2025-09-26T08:29:56+00:00","breadcrumb":{"@id":"https:\/\/requenamueller.com\/fr\/contact\/#breadcrumb"},"inLanguage":"fr-FR","potentialAction":[{"@type":"ReadAction","target":["https:\/\/requenamueller.com\/fr\/contact\/"]}]},{"@type":"BreadcrumbList","@id":"https:\/\/requenamueller.com\/fr\/contact\/#breadcrumb","itemListElement":[{"@type":"ListItem","position":1,"name":"Portada","item":"https:\/\/requenamueller.com\/fr\/"},{"@type":"ListItem","position":2,"name":"Contact"}]},{"@type":"WebSite","@id":"https:\/\/requenamueller.com\/fr\/#website","url":"https:\/\/requenamueller.com\/fr\/","name":"Requena &amp; Mueller Comunicaci\u00f3n","description":"","publisher":{"@id":"https:\/\/requenamueller.com\/fr\/#organization"},"potentialAction":[{"@type":"SearchAction","target":{"@type":"EntryPoint","urlTemplate":"https:\/\/requenamueller.com\/fr\/?s={search_term_string}"},"query-input":"required name=search_term_string"}],"inLanguage":"fr-FR"},{"@type":"Organization","@id":"https:\/\/requenamueller.com\/fr\/#organization","name":"Requena &amp; Mueller Comunicaci\u00f3n","url":"https:\/\/requenamueller.com\/fr\/","logo":{"@type":"ImageObject","inLanguage":"fr-FR","@id":"https:\/\/requenamueller.com\/fr\/#\/schema\/logo\/image\/","url":"https:\/\/requenamueller.com\/wp-content\/uploads\/2023\/06\/RM-Brand.png","contentUrl":"https:\/\/requenamueller.com\/wp-content\/uploads\/2023\/06\/RM-Brand.png","width":12312,"height":946,"caption":"Requena &amp; Mueller Comunicaci\u00f3n"},"image":{"@id":"https:\/\/requenamueller.com\/fr\/#\/schema\/logo\/image\/"}}]}},"_links":{"self":[{"href":"https:\/\/requenamueller.com\/fr\/wp-json\/wp\/v2\/pages\/7956"}],"collection":[{"href":"https:\/\/requenamueller.com\/fr\/wp-json\/wp\/v2\/pages"}],"about":[{"href":"https:\/\/requenamueller.com\/fr\/wp-json\/wp\/v2\/types\/page"}],"author":[{"embeddable":true,"href":"https:\/\/requenamueller.com\/fr\/wp-json\/wp\/v2\/users\/1"}],"replies":[{"embeddable":true,"href":"https:\/\/requenamueller.com\/fr\/wp-json\/wp\/v2\/comments?post=7956"}],"version-history":[{"count":20,"href":"https:\/\/requenamueller.com\/fr\/wp-json\/wp\/v2\/pages\/7956\/revisions"}],"predecessor-version":[{"id":11579,"href":"https:\/\/requenamueller.com\/fr\/wp-json\/wp\/v2\/pages\/7956\/revisions\/11579"}],"wp:attachment":[{"href":"https:\/\/requenamueller.com\/fr\/wp-json\/wp\/v2\/media?parent=7956"}],"curies":[{"name":"wp","href":"https:\/\/api.w.org\/{rel}","templated":true}]}}